{"id":1307,"date":"2021-11-02T20:58:00","date_gmt":"2021-11-02T20:58:00","guid":{"rendered":"https:\/\/brb-walcz.pl\/lucznik-blog\/?page_id=1307"},"modified":"2021-11-24T16:27:53","modified_gmt":"2021-11-24T16:27:53","slug":"strona-glowna","status":"publish","type":"page","link":"https:\/\/brb-walcz.pl\/lucznik-blog\/","title":{"rendered":"Strona g\u0142\u00f3wna"},"content":{"rendered":"\t\t<div data-elementor-type=\"wp-page\" data-elementor-id=\"1307\" class=\"elementor elementor-1307\" data-elementor-settings=\"[]\">\n\t\t\t\t\t\t\t<div class=\"elementor-section-wrap\">\n\t\t\t\t\t\t\t<section class=\"elementor-section elementor-top-section elementor-element elementor-element-ee59eb1 elementor-section-boxed elementor-section-height-default elementor-section-height-default\" data-id=\"ee59eb1\" data-element_type=\"section\">\n\t\t\t\t\t\t<div class=\"elementor-container elementor-column-gap-no\">\n\t\t\t\t\t<div class=\"elementor-column elementor-col-100 elementor-top-column elementor-element elementor-element-823ac5c\" data-id=\"823ac5c\" data-element_type=\"column\">\n\t\t\t<div class=\"elementor-widget-wrap elementor-element-populated\">\n\t\t\t\t\t\t\t\t<div class=\"elementor-element elementor-element-c8e5d94 elementor-widget elementor-widget-image\" data-id=\"c8e5d94\" data-element_type=\"widget\" data-widget_type=\"image.default\">\n\t\t\t\t<div class=\"elementor-widget-container\">\n\t\t\t\t\t\t\t\t\t\t\t\t\t\t\t<img width=\"1280\" height=\"370\" src=\"https:\/\/brb-walcz.pl\/lucznik-blog\/wp-content\/uploads\/2021\/11\/lucznik-pomorski-baner-male.png\" class=\"attachment-full size-full\" alt=\"\" loading=\"lazy\" srcset=\"https:\/\/brb-walcz.pl\/lucznik-blog\/wp-content\/uploads\/2021\/11\/lucznik-pomorski-baner-male.png 1280w, https:\/\/brb-walcz.pl\/lucznik-blog\/wp-content\/uploads\/2021\/11\/lucznik-pomorski-baner-male-300x87.png 300w, https:\/\/brb-walcz.pl\/lucznik-blog\/wp-content\/uploads\/2021\/11\/lucznik-pomorski-baner-male-1024x296.png 1024w, https:\/\/brb-walcz.pl\/lucznik-blog\/wp-content\/uploads\/2021\/11\/lucznik-pomorski-baner-male-768x222.png 768w\" sizes=\"(max-width: 1280px) 100vw, 1280px\" \/>\t\t\t\t\t\t\t\t\t\t\t\t\t\t\t<\/div>\n\t\t\t\t<\/div>\n\t\t\t\t\t<\/div>\n\t\t<\/div>\n\t\t\t\t\t\t\t<\/div>\n\t\t<\/section>\n\t\t\t\t<section class=\"elementor-section elementor-top-section elementor-element elementor-element-d6876b6 elementor-section-boxed elementor-section-height-default elementor-section-height-default\" data-id=\"d6876b6\" data-element_type=\"section\">\n\t\t\t\t\t\t<div class=\"elementor-container elementor-column-gap-default\">\n\t\t\t\t\t<div class=\"elementor-column elementor-col-100 elementor-top-column elementor-element elementor-element-11f0ffc\" data-id=\"11f0ffc\" data-element_type=\"column\" data-settings=\"{&quot;background_background&quot;:&quot;classic&quot;}\">\n\t\t\t<div class=\"elementor-widget-wrap elementor-element-populated\">\n\t\t\t\t\t\t\t\t<div class=\"elementor-element elementor-element-357f23e elementor-widget elementor-widget-heading\" data-id=\"357f23e\" data-element_type=\"widget\" data-widget_type=\"heading.default\">\n\t\t\t\t<div class=\"elementor-widget-container\">\n\t\t\t<h2 class=\"elementor-heading-title elementor-size-default\"><a href=\"\/rodzaje-strzal-wedlug-pochodzenia\/\">RODZAJE STRZA\u0141 WED\u0141UG POCHODZENIA<\/a><\/h2>\t\t<\/div>\n\t\t\t\t<\/div>\n\t\t\t\t<section class=\"elementor-section elementor-inner-section elementor-element elementor-element-91a31b7 elementor-section-height-min-height elementor-section-boxed elementor-section-height-default\" data-id=\"91a31b7\" data-element_type=\"section\">\n\t\t\t\t\t\t<div class=\"elementor-container elementor-column-gap-default\">\n\t\t\t\t\t<div class=\"elementor-column elementor-col-33 elementor-inner-column elementor-element elementor-element-8bd7793\" data-id=\"8bd7793\" data-element_type=\"column\" data-settings=\"{&quot;background_background&quot;:&quot;classic&quot;}\">\n\t\t\t<div class=\"elementor-widget-wrap elementor-element-populated\">\n\t\t\t\t\t\t\t\t<div class=\"elementor-element elementor-element-b0278ae elementor-widget elementor-widget-premium-addon-button\" data-id=\"b0278ae\" data-element_type=\"widget\" data-widget_type=\"premium-addon-button.default\">\n\t\t\t\t<div class=\"elementor-widget-container\">\n\t\t\t\n\t<div class=\"premium-button-container\">\n\t\t<a class=\"premium-button premium-button-none premium-btn-lg premium-button-none\" href=\"\/lucznik-blog\/rodzaje-strzal-wedlug-pochodzenia\/strzaly-mongolskie\/\">\n\t\t\t<div class=\"premium-button-text-icon-wrapper\">\n\t\t\t\t\t\t\t\t<span >\n\t\t\t\t\tSTRZA\u0141Y  <br> MONGOLSKIE\u200b\t\t\t\t<\/span>\n\t\t\t\t\t\t\t<\/div>\n\t\t\t\t\t\t\t\t<\/a>\n\t<\/div>\n\n\t\t\t\t<\/div>\n\t\t\t\t<\/div>\n\t\t\t\t\t<\/div>\n\t\t<\/div>\n\t\t\t\t<div class=\"elementor-column elementor-col-33 elementor-inner-column elementor-element elementor-element-70e5df2\" data-id=\"70e5df2\" data-element_type=\"column\" data-settings=\"{&quot;background_background&quot;:&quot;classic&quot;}\">\n\t\t\t<div class=\"elementor-widget-wrap elementor-element-populated\">\n\t\t\t\t\t\t\t\t<div class=\"elementor-element elementor-element-ec74ffd elementor-widget elementor-widget-premium-addon-button\" data-id=\"ec74ffd\" data-element_type=\"widget\" data-widget_type=\"premium-addon-button.default\">\n\t\t\t\t<div class=\"elementor-widget-container\">\n\t\t\t\n\t<div class=\"premium-button-container\">\n\t\t<a class=\"premium-button premium-button-none premium-btn-lg premium-button-none\" href=\"\/lucznik-blog\/rodzaje-strzal-wedlug-pochodzenia\/strzaly-prehistoryczne\/\">\n\t\t\t<div class=\"premium-button-text-icon-wrapper\">\n\t\t\t\t\t\t\t\t<span >\n\t\t\t\t\tSTRZA\u0141Y <br>PREHISTORYCZNE\u200b\t\t\t\t<\/span>\n\t\t\t\t\t\t\t<\/div>\n\t\t\t\t\t\t\t\t<\/a>\n\t<\/div>\n\n\t\t\t\t<\/div>\n\t\t\t\t<\/div>\n\t\t\t\t\t<\/div>\n\t\t<\/div>\n\t\t\t\t<div class=\"elementor-column elementor-col-33 elementor-inner-column elementor-element elementor-element-aeb644b\" data-id=\"aeb644b\" data-element_type=\"column\" data-settings=\"{&quot;background_background&quot;:&quot;classic&quot;}\">\n\t\t\t<div class=\"elementor-widget-wrap elementor-element-populated\">\n\t\t\t\t\t\t\t\t<div class=\"elementor-element elementor-element-7918d3a elementor-widget elementor-widget-premium-addon-button\" data-id=\"7918d3a\" data-element_type=\"widget\" data-widget_type=\"premium-addon-button.default\">\n\t\t\t\t<div class=\"elementor-widget-container\">\n\t\t\t\n\t<div class=\"premium-button-container\">\n\t\t<a class=\"premium-button premium-button-none premium-btn-lg premium-button-none\" href=\"\/lucznik-blog\/rodzaje-strzal-wedlug-pochodzenia\/strzaly-scytyjskie\/\">\n\t\t\t<div class=\"premium-button-text-icon-wrapper\">\n\t\t\t\t\t\t\t\t<span >\n\t\t\t\t\tSTRZA\u0141Y <br>  SCYTYJSKIE\t\t\t\t<\/span>\n\t\t\t\t\t\t\t<\/div>\n\t\t\t\t\t\t\t\t<\/a>\n\t<\/div>\n\n\t\t\t\t<\/div>\n\t\t\t\t<\/div>\n\t\t\t\t\t<\/div>\n\t\t<\/div>\n\t\t\t\t\t\t\t<\/div>\n\t\t<\/section>\n\t\t\t\t<section class=\"elementor-section elementor-inner-section elementor-element elementor-element-2709f19 elementor-section-height-min-height elementor-section-boxed elementor-section-height-default\" data-id=\"2709f19\" data-element_type=\"section\">\n\t\t\t\t\t\t<div class=\"elementor-container elementor-column-gap-default\">\n\t\t\t\t\t<div class=\"elementor-column elementor-col-33 elementor-inner-column elementor-element elementor-element-7599292\" data-id=\"7599292\" data-element_type=\"column\" data-settings=\"{&quot;background_background&quot;:&quot;classic&quot;}\">\n\t\t\t<div class=\"elementor-widget-wrap elementor-element-populated\">\n\t\t\t\t\t\t\t\t<div class=\"elementor-element elementor-element-bd1b3fd elementor-widget elementor-widget-premium-addon-button\" data-id=\"bd1b3fd\" data-element_type=\"widget\" data-widget_type=\"premium-addon-button.default\">\n\t\t\t\t<div class=\"elementor-widget-container\">\n\t\t\t\n\t<div class=\"premium-button-container\">\n\t\t<a class=\"premium-button premium-button-none premium-btn-lg premium-button-none\" href=\"\/lucznik-blog\/rodzaje-strzal-wedlug-pochodzenia\/strzaly-slowianskie\/\">\n\t\t\t<div class=\"premium-button-text-icon-wrapper\">\n\t\t\t\t\t\t\t\t<span >\n\t\t\t\t\tSTRZA\u0141Y <br>S\u0141OWIA\u0143SKIE\t\t\t\t<\/span>\n\t\t\t\t\t\t\t<\/div>\n\t\t\t\t\t\t\t\t<\/a>\n\t<\/div>\n\n\t\t\t\t<\/div>\n\t\t\t\t<\/div>\n\t\t\t\t\t<\/div>\n\t\t<\/div>\n\t\t\t\t<div class=\"elementor-column elementor-col-33 elementor-inner-column elementor-element elementor-element-7cd5dd6\" data-id=\"7cd5dd6\" data-element_type=\"column\" data-settings=\"{&quot;background_background&quot;:&quot;classic&quot;}\">\n\t\t\t<div class=\"elementor-widget-wrap elementor-element-populated\">\n\t\t\t\t\t\t\t\t<div class=\"elementor-element elementor-element-7c00a05 elementor-widget elementor-widget-premium-addon-button\" data-id=\"7c00a05\" data-element_type=\"widget\" data-widget_type=\"premium-addon-button.default\">\n\t\t\t\t<div class=\"elementor-widget-container\">\n\t\t\t\n\t<div class=\"premium-button-container\">\n\t\t<a class=\"premium-button premium-button-none premium-btn-lg premium-button-none\" href=\"\/lucznik-blog\/rodzaje-strzal-wedlug-pochodzenia\/strzaly-wikinskie\/\">\n\t\t\t<div class=\"premium-button-text-icon-wrapper\">\n\t\t\t\t\t\t\t\t<span >\n\t\t\t\t\tSTRZA\u0141Y <br>WIKI\u0143SKIE\t\t\t\t<\/span>\n\t\t\t\t\t\t\t<\/div>\n\t\t\t\t\t\t\t\t<\/a>\n\t<\/div>\n\n\t\t\t\t<\/div>\n\t\t\t\t<\/div>\n\t\t\t\t\t<\/div>\n\t\t<\/div>\n\t\t\t\t<div class=\"elementor-column elementor-col-33 elementor-inner-column elementor-element elementor-element-267e52e\" data-id=\"267e52e\" data-element_type=\"column\" data-settings=\"{&quot;background_background&quot;:&quot;classic&quot;}\">\n\t\t\t<div class=\"elementor-widget-wrap elementor-element-populated\">\n\t\t\t\t\t\t\t\t<div class=\"elementor-element elementor-element-6c6338e elementor-widget elementor-widget-premium-addon-button\" data-id=\"6c6338e\" data-element_type=\"widget\" data-widget_type=\"premium-addon-button.default\">\n\t\t\t\t<div class=\"elementor-widget-container\">\n\t\t\t\n\t<div class=\"premium-button-container\">\n\t\t<a class=\"premium-button premium-button-none premium-btn-lg premium-button-none\" href=\"\/lucznik-blog\/rodzaje-strzal-wedlug-pochodzenia\/strzaly-wschodnie\/\">\n\t\t\t<div class=\"premium-button-text-icon-wrapper\">\n\t\t\t\t\t\t\t\t<span >\n\t\t\t\t\tSTRZA\u0141Y <br> WSCHODNIE\t\t\t\t<\/span>\n\t\t\t\t\t\t\t<\/div>\n\t\t\t\t\t\t\t\t<\/a>\n\t<\/div>\n\n\t\t\t\t<\/div>\n\t\t\t\t<\/div>\n\t\t\t\t\t<\/div>\n\t\t<\/div>\n\t\t\t\t\t\t\t<\/div>\n\t\t<\/section>\n\t\t\t\t\t<\/div>\n\t\t<\/div>\n\t\t\t\t\t\t\t<\/div>\n\t\t<\/section>\n\t\t\t\t<section class=\"elementor-section elementor-top-section elementor-element elementor-element-80d7aed elementor-section-boxed elementor-section-height-default elementor-section-height-default\" data-id=\"80d7aed\" data-element_type=\"section\">\n\t\t\t\t\t\t<div class=\"elementor-container elementor-column-gap-default\">\n\t\t\t\t\t<div class=\"elementor-column elementor-col-100 elementor-top-column elementor-element elementor-element-55a6e89\" data-id=\"55a6e89\" data-element_type=\"column\">\n\t\t\t<div class=\"elementor-widget-wrap elementor-element-populated\">\n\t\t\t\t\t\t\t\t<div class=\"elementor-element elementor-element-e4dfd32 elementor-widget elementor-widget-spacer\" data-id=\"e4dfd32\" data-element_type=\"widget\" data-widget_type=\"spacer.default\">\n\t\t\t\t<div class=\"elementor-widget-container\">\n\t\t\t\t\t<div class=\"elementor-spacer\">\n\t\t\t<div class=\"elementor-spacer-inner\"><\/div>\n\t\t<\/div>\n\t\t\t\t<\/div>\n\t\t\t\t<\/div>\n\t\t\t\t<div class=\"elementor-element elementor-element-93831e8 elementor-widget elementor-widget-heading\" data-id=\"93831e8\" data-element_type=\"widget\" data-widget_type=\"heading.default\">\n\t\t\t\t<div class=\"elementor-widget-container\">\n\t\t\t<h2 class=\"elementor-heading-title elementor-size-default\"><a href=\"\/lucznik-blog\/rodzaje-strzal\/\">Rodzaj strza\u0142 wed\u0142ug zastosowania<\/a><\/h2>\t\t<\/div>\n\t\t\t\t<\/div>\n\t\t\t\t<div class=\"elementor-element elementor-element-213406d elementor-widget elementor-widget-spacer\" data-id=\"213406d\" data-element_type=\"widget\" data-widget_type=\"spacer.default\">\n\t\t\t\t<div class=\"elementor-widget-container\">\n\t\t\t\t\t<div class=\"elementor-spacer\">\n\t\t\t<div class=\"elementor-spacer-inner\"><\/div>\n\t\t<\/div>\n\t\t\t\t<\/div>\n\t\t\t\t<\/div>\n\t\t\t\t<section class=\"elementor-section elementor-inner-section elementor-element elementor-element-02d3997 elementor-section-boxed elementor-section-height-default elementor-section-height-default\" data-id=\"02d3997\" data-element_type=\"section\">\n\t\t\t\t\t\t<div class=\"elementor-container elementor-column-gap-default\">\n\t\t\t\t\t<div class=\"elementor-column elementor-col-33 elementor-inner-column elementor-element elementor-element-b938226\" data-id=\"b938226\" data-element_type=\"column\">\n\t\t\t<div class=\"elementor-widget-wrap elementor-element-populated\">\n\t\t\t\t\t\t\t\t<div class=\"elementor-element elementor-element-af2e2cf elementor-widget elementor-widget-heading\" data-id=\"af2e2cf\" data-element_type=\"widget\" data-widget_type=\"heading.default\">\n\t\t\t\t<div class=\"elementor-widget-container\">\n\t\t\t<h3 class=\"elementor-heading-title elementor-size-large\"><a href=\"\/lucznik-blog\/rodzaje-strzal\/strzaly-bojowe\/\">Strza\u0142y BOJOWE<\/a><\/h3>\t\t<\/div>\n\t\t\t\t<\/div>\n\t\t\t\t<div class=\"elementor-element elementor-element-9cd4543 elementor-widget elementor-widget-image\" data-id=\"9cd4543\" data-element_type=\"widget\" data-widget_type=\"image.default\">\n\t\t\t\t<div class=\"elementor-widget-container\">\n\t\t\t\t\t\t\t\t\t\t\t\t\t\t\t<img src=\"https:\/\/brb-walcz.pl\/lucznik-blog\/wp-content\/uploads\/elementor\/thumbs\/strzaly-bojowe-pgawafci8rourth9k8at51xji04ymmqyikhcq29i9k.jpg\" title=\"strzaly-bojowe\" alt=\"strzaly-bojowe\" \/>\t\t\t\t\t\t\t\t\t\t\t\t\t\t\t<\/div>\n\t\t\t\t<\/div>\n\t\t\t\t\t<\/div>\n\t\t<\/div>\n\t\t\t\t<div class=\"elementor-column elementor-col-33 elementor-inner-column elementor-element elementor-element-da26d7a\" data-id=\"da26d7a\" data-element_type=\"column\">\n\t\t\t<div class=\"elementor-widget-wrap elementor-element-populated\">\n\t\t\t\t\t\t\t\t<div class=\"elementor-element elementor-element-ce9d8e1 elementor-widget elementor-widget-heading\" data-id=\"ce9d8e1\" data-element_type=\"widget\" data-widget_type=\"heading.default\">\n\t\t\t\t<div class=\"elementor-widget-container\">\n\t\t\t<h3 class=\"elementor-heading-title elementor-size-large\"><a href=\"\/lucznik-blog\/rodzaje-strzal\/strzaly-ceremonialne\/\">Strza\u0142y Ceremonialne<\/a><\/h3>\t\t<\/div>\n\t\t\t\t<\/div>\n\t\t\t\t<div class=\"elementor-element elementor-element-82bbbdf elementor-widget elementor-widget-image\" data-id=\"82bbbdf\" data-element_type=\"widget\" data-widget_type=\"image.default\">\n\t\t\t\t<div class=\"elementor-widget-container\">\n\t\t\t\t\t\t\t\t\t\t\t\t\t\t\t<img src=\"https:\/\/brb-walcz.pl\/lucznik-blog\/wp-content\/uploads\/elementor\/thumbs\/strzaly-ceremonialne-pgjklp0sgsvlic05rp15dcqq5hhwiwqvbkytk5r9o8.jpg\" title=\"strzaly-ceremonialne\" alt=\"Strza\u0142y Ceremonialne\" \/>\t\t\t\t\t\t\t\t\t\t\t\t\t\t\t<\/div>\n\t\t\t\t<\/div>\n\t\t\t\t\t<\/div>\n\t\t<\/div>\n\t\t\t\t<div class=\"elementor-column elementor-col-33 elementor-inner-column elementor-element elementor-element-97238e5\" data-id=\"97238e5\" data-element_type=\"column\">\n\t\t\t<div class=\"elementor-widget-wrap elementor-element-populated\">\n\t\t\t\t\t\t\t\t<div class=\"elementor-element elementor-element-74b215a elementor-widget elementor-widget-heading\" data-id=\"74b215a\" data-element_type=\"widget\" data-widget_type=\"heading.default\">\n\t\t\t\t<div class=\"elementor-widget-container\">\n\t\t\t<h3 class=\"elementor-heading-title elementor-size-large\"><a href=\"\/lucznik-blog\/rodzaje-strzal\/strzaly-cwiczebne\/\">Strza\u0142y \u0106wiczebne<\/a><\/h3>\t\t<\/div>\n\t\t\t\t<\/div>\n\t\t\t\t<div class=\"elementor-element elementor-element-54e7128 elementor-widget elementor-widget-image\" data-id=\"54e7128\" data-element_type=\"widget\" data-widget_type=\"image.default\">\n\t\t\t\t<div class=\"elementor-widget-container\">\n\t\t\t\t\t\t\t\t\t\t\t\t\t\t\t<img src=\"https:\/\/brb-walcz.pl\/lucznik-blog\/wp-content\/uploads\/elementor\/thumbs\/strzaly-treningowe-male-pgjkqhz3ebgcul0xprsi453jgdtfv7thbd05v2mtvc.jpg\" title=\"strzaly-treningowe-male\" alt=\"strzaly-treningowe-male\" \/>\t\t\t\t\t\t\t\t\t\t\t\t\t\t\t<\/div>\n\t\t\t\t<\/div>\n\t\t\t\t\t<\/div>\n\t\t<\/div>\n\t\t\t\t\t\t\t<\/div>\n\t\t<\/section>\n\t\t\t\t<div class=\"elementor-element elementor-element-2bcfba9 elementor-widget elementor-widget-spacer\" data-id=\"2bcfba9\" data-element_type=\"widget\" data-widget_type=\"spacer.default\">\n\t\t\t\t<div class=\"elementor-widget-container\">\n\t\t\t\t\t<div class=\"elementor-spacer\">\n\t\t\t<div class=\"elementor-spacer-inner\"><\/div>\n\t\t<\/div>\n\t\t\t\t<\/div>\n\t\t\t\t<\/div>\n\t\t\t\t<section class=\"elementor-section elementor-inner-section elementor-element elementor-element-3e4e154 elementor-section-boxed elementor-section-height-default elementor-section-height-default\" data-id=\"3e4e154\" data-element_type=\"section\">\n\t\t\t\t\t\t<div class=\"elementor-container elementor-column-gap-default\">\n\t\t\t\t\t<div class=\"elementor-column elementor-col-50 elementor-inner-column elementor-element elementor-element-8e95866\" data-id=\"8e95866\" data-element_type=\"column\">\n\t\t\t<div class=\"elementor-widget-wrap elementor-element-populated\">\n\t\t\t\t\t\t\t\t<div class=\"elementor-element elementor-element-147b594 elementor-widget elementor-widget-heading\" data-id=\"147b594\" data-element_type=\"widget\" data-widget_type=\"heading.default\">\n\t\t\t\t<div class=\"elementor-widget-container\">\n\t\t\t<h3 class=\"elementor-heading-title elementor-size-large\"><a href=\"\/lucznik-blog\/rodzaje-strzal\/strzaly-sygnalowe\/\">Strza\u0142y Sygna\u0142owe<\/a><\/h3>\t\t<\/div>\n\t\t\t\t<\/div>\n\t\t\t\t<div class=\"elementor-element elementor-element-6328e18 elementor-widget elementor-widget-image\" data-id=\"6328e18\" data-element_type=\"widget\" data-widget_type=\"image.default\">\n\t\t\t\t<div class=\"elementor-widget-container\">\n\t\t\t\t\t\t\t\t\t\t\t\t\t\t\t<img src=\"https:\/\/brb-walcz.pl\/lucznik-blog\/wp-content\/uploads\/elementor\/thumbs\/20200220_140002-pf3kb3ulqrtdfm0vjk0b95ubm49w4756bqugnw8vqw.jpg\" title=\"strza\u0142a skandynawska sygna\u0142owa\" alt=\"strza\u0142a skandynawska sygna\u0142owa\" \/>\t\t\t\t\t\t\t\t\t\t\t\t\t\t\t<\/div>\n\t\t\t\t<\/div>\n\t\t\t\t\t<\/div>\n\t\t<\/div>\n\t\t\t\t<div class=\"elementor-column elementor-col-50 elementor-inner-column elementor-element elementor-element-5382c79\" data-id=\"5382c79\" data-element_type=\"column\">\n\t\t\t<div class=\"elementor-widget-wrap elementor-element-populated\">\n\t\t\t\t\t\t\t\t<div class=\"elementor-element elementor-element-26ad6ec elementor-widget elementor-widget-heading\" data-id=\"26ad6ec\" data-element_type=\"widget\" data-widget_type=\"heading.default\">\n\t\t\t\t<div class=\"elementor-widget-container\">\n\t\t\t<h3 class=\"elementor-heading-title elementor-size-large\"><a href=\"\/lucznik-blog\/rodzaje-strzal\/strzaly-lowne\/\">Strza\u0142y \u0141owne<\/a><\/h3>\t\t<\/div>\n\t\t\t\t<\/div>\n\t\t\t\t<div class=\"elementor-element elementor-element-ceb5363 elementor-widget elementor-widget-image\" data-id=\"ceb5363\" data-element_type=\"widget\" data-widget_type=\"image.default\">\n\t\t\t\t<div class=\"elementor-widget-container\">\n\t\t\t\t\t\t\t\t\t\t\t\t\t\t\t<img src=\"https:\/\/brb-walcz.pl\/lucznik-blog\/wp-content\/uploads\/elementor\/thumbs\/P6210287-pf3k8gwwki7euzurxwyzrbsrm79tiroaaoyf6y5n7c.jpg\" title=\"Strza\u0142a \u0142owna\" alt=\"Grot ko\u015bciany\" \/>\t\t\t\t\t\t\t\t\t\t\t\t\t\t\t<\/div>\n\t\t\t\t<\/div>\n\t\t\t\t\t<\/div>\n\t\t<\/div>\n\t\t\t\t\t\t\t<\/div>\n\t\t<\/section>\n\t\t\t\t<div class=\"elementor-element elementor-element-1b654f3 elementor-widget elementor-widget-spacer\" data-id=\"1b654f3\" data-element_type=\"widget\" data-widget_type=\"spacer.default\">\n\t\t\t\t<div class=\"elementor-widget-container\">\n\t\t\t\t\t<div class=\"elementor-spacer\">\n\t\t\t<div class=\"elementor-spacer-inner\"><\/div>\n\t\t<\/div>\n\t\t\t\t<\/div>\n\t\t\t\t<\/div>\n\t\t\t\t\t<\/div>\n\t\t<\/div>\n\t\t\t\t\t\t\t<\/div>\n\t\t<\/section>\n\t\t\t\t<section class=\"elementor-section elementor-top-section elementor-element elementor-element-6114cab elementor-section-boxed elementor-section-height-default elementor-section-height-default\" data-id=\"6114cab\" data-element_type=\"section\">\n\t\t\t\t\t\t<div class=\"elementor-container elementor-column-gap-default\">\n\t\t\t\t\t<div class=\"elementor-column elementor-col-100 elementor-top-column elementor-element elementor-element-9616f5c\" data-id=\"9616f5c\" data-element_type=\"column\">\n\t\t\t<div class=\"elementor-widget-wrap elementor-element-populated\">\n\t\t\t\t\t\t\t\t<div class=\"elementor-element elementor-element-f071d60 elementor-cta--layout-image-above elementor-cta--valign-middle elementor-cta--skin-classic elementor-animated-content elementor-bg-transform elementor-bg-transform-zoom-in elementor-widget elementor-widget-call-to-action\" data-id=\"f071d60\" data-element_type=\"widget\" data-widget_type=\"call-to-action.default\">\n\t\t\t\t<div class=\"elementor-widget-container\">\n\t\t\t\t\t<div class=\"elementor-cta\">\n\t\t\t\t\t<div class=\"elementor-cta__bg-wrapper\">\n\t\t\t\t<div class=\"elementor-cta__bg elementor-bg\" style=\"background-image: url(https:\/\/brb-walcz.pl\/lucznik-blog\/wp-content\/uploads\/2021\/11\/strzaly-lowne-1024x243.jpg);\"><\/div>\n\t\t\t\t<div class=\"elementor-cta__bg-overlay\"><\/div>\n\t\t\t<\/div>\n\t\t\t\t\t\t\t<div class=\"elementor-cta__content\">\n\t\t\t\t\n\t\t\t\t<h2 class=\"elementor-cta__title elementor-cta__content-item elementor-content-item\">Sprawd\u017a najnowsze wpisy<\/h2>\n\t\t\t\t\t\t\t\t\t<div class=\"elementor-cta__description elementor-cta__content-item elementor-content-item\">\n\t\t\t\t\t\tPodoba Ci si\u0119 to co robi\u0119 lub chcesz dowiedzie\u0107 si\u0119 wi\u0119cej? Przeczytaj wi\u0119cej wpis\u00f3w z mojego bloga.\t\t\t\t\t<\/div>\n\t\t\t\t\n\t\t\t\t\t\t\t\t\t<div class=\"elementor-cta__button-wrapper elementor-cta__content-item elementor-content-item \">\n\t\t\t\t\t<a class=\"elementor-cta__button elementor-button elementor-size-sm\" href=\"https:\/\/brb-walcz.pl\/lucznik-blog\/\" rel=\"nofollow\">\n\t\t\t\t\t\tCzytaj wi\u0119cej\t\t\t\t\t<\/a>\n\t\t\t\t\t<\/div>\n\t\t\t\t\t\t\t<\/div>\n\t\t\t\t\t\t<\/div>\n\t\t\t\t<\/div>\n\t\t\t\t<\/div>\n\t\t\t\t\t<\/div>\n\t\t<\/div>\n\t\t\t\t\t\t\t<\/div>\n\t\t<\/section>\n\t\t\t\t\t\t<\/div>\n\t\t\t\t\t<\/div>\n\t\t","protected":false},"excerpt":{"rendered":"<p>RODZAJE STRZA\u0141 WED\u0141UG POCHODZENIA STRZA\u0141Y MONGOLSKIE\u200b STRZA\u0141Y PREHISTORYCZNE\u200b STRZA\u0141Y SCYTYJSKIE STRZA\u0141Y S\u0141OWIA\u0143SKIE STRZA\u0141Y WIKI\u0143SKIE STRZA\u0141Y WSCHODNIE Rodzaj strza\u0142 wed\u0142ug zastosowania Strza\u0142y BOJOWE Strza\u0142y Ceremonialne Strza\u0142y \u0106wiczebne Strza\u0142y Sygna\u0142owe Strza\u0142y \u0141owne &#8230;<\/p>\n","protected":false},"author":1,"featured_media":0,"parent":0,"menu_order":0,"comment_status":"closed","ping_status":"closed","template":"elementor_header_footer","meta":[],"_links":{"self":[{"href":"https:\/\/brb-walcz.pl\/lucznik-blog\/wp-json\/wp\/v2\/pages\/1307"}],"collection":[{"href":"https:\/\/brb-walcz.pl\/lucznik-blog\/wp-json\/wp\/v2\/pages"}],"about":[{"href":"https:\/\/brb-walcz.pl\/lucznik-blog\/wp-json\/wp\/v2\/types\/page"}],"author":[{"embeddable":true,"href":"https:\/\/brb-walcz.pl\/lucznik-blog\/wp-json\/wp\/v2\/users\/1"}],"replies":[{"embeddable":true,"href":"https:\/\/brb-walcz.pl\/lucznik-blog\/wp-json\/wp\/v2\/comments?post=1307"}],"version-history":[{"count":79,"href":"https:\/\/brb-walcz.pl\/lucznik-blog\/wp-json\/wp\/v2\/pages\/1307\/revisions"}],"predecessor-version":[{"id":1558,"href":"https:\/\/brb-walcz.pl\/lucznik-blog\/wp-json\/wp\/v2\/pages\/1307\/revisions\/1558"}],"wp:attachment":[{"href":"https:\/\/brb-walcz.pl\/lucznik-blog\/wp-json\/wp\/v2\/media?parent=1307"}],"curies":[{"name":"wp","href":"https:\/\/api.w.org\/{rel}","templated":true}]}}